{"id":185,"date":"2020-10-28T19:02:06","date_gmt":"2020-10-28T18:02:06","guid":{"rendered":"https:\/\/agentur-frotscher.de\/?page_id=185"},"modified":"2020-11-02T08:12:31","modified_gmt":"2020-11-02T07:12:31","slug":"kontakt","status":"publish","type":"page","link":"https:\/\/agentur-frotscher.de\/en\/kontakt\/","title":{"rendered":"Contact"},"content":{"rendered":"<p><div class=\"fusion-fullwidth fullwidth-box fusion-builder-row-1 fusion-flex-container fusion-parallax-none nonhundred-percent-fullwidth hundred-percent-height hundred-percent-height-center-content non-hundred-percent-height-scrolling\" style=\"background-color: rgba(255,255,255,0);background-image: url(&quot;https:\/\/agentur-frotscher.de\/wp-content\/uploads\/2020\/10\/IMG_-11.png&quot;);background-position: center center;background-repeat: no-repeat;border-width: 0px 0px 0px 0px;border-color:#e2e2e2;border-style:solid;-webkit-background-size:cover;-moz-background-size:cover;-o-background-size:cover;background-size:cover;\" ><div class=\"fusion-builder-row fusion-row fusion-flex-align-items-center fusion-flex-align-content-center fusion-flex-justify-content-center\" style=\"max-width:1788.8px;margin-left: calc(-4% \/ 2 );margin-right: calc(-4% \/ 2 );\"><div class=\"fusion-layout-column fusion_builder_column fusion-builder-column-0 fusion_builder_column_1_1 1_1 fusion-flex-column\"><div class=\"fusion-column-wrapper fusion-flex-justify-content-flex-start fusion-content-layout-column\" style=\"background-position:left top;background-repeat:no-repeat;-webkit-background-size:cover;-moz-background-size:cover;-o-background-size:cover;background-size:cover;padding: 0px 0px 0px 0px;\"><style type=\"text\/css\">@media only screen and (max-width:1024px) {.fusion-title.fusion-title-1{margin-top:10px!important; margin-right:0px!important;margin-bottom:15px!important;margin-left:0px!important;}}@media only screen and (max-width:640px) {.fusion-title.fusion-title-1{margin-top:10px!important; margin-right:0px!important;margin-bottom:10px!important; margin-left:0px!important;}}<\/style><div class=\"fusion-title title fusion-title-1 fusion-no-small-visibility fusion-sep-none fusion-title-center fusion-title-text fusion-title-size-two\" style=\"font-size:160px;text-shadow:3px 3px 10px #323c32;;margin-top:10px;margin-right:0px;margin-bottom:15px;margin-left:0px;\"><div class=\"title-heading-center title-heading-tag fusion-responsive-typography-calculated\" style=\"font-family:Verdana, Geneva, sans-serif;font-weight:700;margin:0;font-size:1em;color:#ffffff;--fontSize:160;line-height:1.5;\"><p style=\"text-align: center;\">Kontakt.<\/p><\/div><\/div><style type=\"text\/css\">@media only screen and (max-width:1024px) {.fusion-title.fusion-title-2{margin-top:10px!important; margin-right:0px!important;margin-bottom:15px!important;margin-left:0px!important;}}@media only screen and (max-width:640px) {.fusion-title.fusion-title-2{margin-top:10px!important; margin-right:0px!important;margin-bottom:10px!important; margin-left:0px!important;}}<\/style><div class=\"fusion-title title fusion-title-2 fusion-no-medium-visibility fusion-no-large-visibility fusion-sep-none fusion-title-center fusion-title-text fusion-title-size-two\" style=\"font-size:60px;text-shadow:3px 3px 10px #323c32;;margin-top:10px;margin-right:0px;margin-bottom:15px;margin-left:0px;\"><div class=\"title-heading-center title-heading-tag fusion-responsive-typography-calculated\" style=\"font-family:Verdana, Geneva, sans-serif;font-weight:700;margin:0;font-size:1em;color:#ffffff;--fontSize:60;line-height:1.5;\"><p style=\"text-align: center;\">Kontakt.<\/p><\/div><\/div><\/div><style type=\"text\/css\">.fusion-body .fusion-builder-column-0{width:100% !important;margin-top : 0px;margin-bottom : 20px;}.fusion-builder-column-0 > .fusion-column-wrapper {padding-top : 0px !important;padding-right : 0px !important;margin-right : 1.92%;padding-bottom : 0px !important;padding-left : 0px !important;margin-left : 1.92%;}@media only screen and (max-width:1024px) {.fusion-body .fusion-builder-column-0{width:100% !important;order : 0;}.fusion-builder-column-0 > .fusion-column-wrapper {margin-right : 1.92%;margin-left : 1.92%;}}@media only screen and (max-width:640px) {.fusion-body .fusion-builder-column-0{width:100% !important;order : 0;}.fusion-builder-column-0 > .fusion-column-wrapper {margin-right : 1.92%;margin-left : 1.92%;}}<\/style><\/div><\/div><style type=\"text\/css\">.fusion-body .fusion-flex-container.fusion-builder-row-1{ padding-top : 0px;margin-top : 0px;padding-right : 0px;padding-bottom : 0px;margin-bottom : 0px;padding-left : 0px;}<\/style><\/div><div class=\"fusion-fullwidth fullwidth-box fusion-builder-row-2 fusion-flex-container nonhundred-percent-fullwidth non-hundred-percent-height-scrolling\" style=\"background-color: rgba(255,255,255,0);background-position: center center;background-repeat: no-repeat;border-width: 0px 0px 0px 0px;border-color:#e2e2e2;border-style:solid;\" ><div class=\"fusion-builder-row fusion-row fusion-flex-align-items-center fusion-flex-justify-content-center\" style=\"max-width:1788.8px;margin-left: calc(-4% \/ 2 );margin-right: calc(-4% \/ 2 );\"><div class=\"fusion-layout-column fusion_builder_column fusion-builder-column-1 fusion_builder_column_2_3 2_3 fusion-flex-column\"><div class=\"fusion-column-wrapper fusion-flex-justify-content-flex-start fusion-content-layout-column\" style=\"background-position:left top;background-repeat:no-repeat;-webkit-background-size:cover;-moz-background-size:cover;-o-background-size:cover;background-size:cover;padding: 0px 0px 0px 0px;\"><style type=\"text\/css\">@media only screen and (max-width:1024px) {.fusion-title.fusion-title-3{margin-top:10px!important; margin-right:0px!important;margin-bottom:15px!important;margin-left:0px!important;}}@media only screen and (max-width:640px) {.fusion-title.fusion-title-3{margin-top:10px!important; margin-right:0px!important;margin-bottom:10px!important; margin-left:0px!important;}}<\/style><div class=\"fusion-title title fusion-title-3 fusion-sep-none fusion-title-text fusion-title-size-one\" style=\"margin-top:10px;margin-right:0px;margin-bottom:15px;margin-left:0px;\"><h1 class=\"title-heading-left fusion-responsive-typography-calculated\" style=\"margin:0;color:#323c32;--fontSize:36;line-height:1.4;\"><h1 style=\"text-align: center;\">Kommen Sie jetzt auf uns zu!<\/h1><\/h1><\/div><div class=\"fusion-text fusion-text-1\"><p style=\"text-align: center;\">W\u00fcnschen Sie sich weitere Informationen zu unseren Marken oder Agenturleistungen?<br \/>\nDann kommen Sie auf uns zu. Wir beraten Sie gerne!<\/p>\n<\/div><style>.fusion-form-191 .fusion-form-tooltip .fusion-form-tooltip-content{color:#ffffff !important;background-color:#333333 !important;border-color:#333333 !important;}.fusion-form-191 .fusion-form-field{margin-top:10px;margin-bottom:10px;}.fusion-form-191 input:not([type=\"submit\"]),.fusion-form-191 select{height:60px;font-size:16px;color:#474747;border-top-width:2px;border-bottom-width:2px;border-right-width:2px;border-left-width:2px;border-radius:4px;}.fusion-form-191 .fusion-form-input-with-icon > i{line-height:60px;color:#474747 !important;}.fusion-form-191 textarea{font-size:16px;color:#474747;border-top-width:2px;border-bottom-width:2px;border-right-width:2px;border-left-width:2px;border-radius:4px;}.fusion-form-191.fusion-form-form-wrapper .fusion-form-field .fusion-form-input-with-icon>i{font-size:16px;}.fusion-form-191 input::placeholder{color:rgba(71,71,71,0.5);}.fusion-form-191 textarea::placeholder{color:rgba(71,71,71,0.5);}.fusion-form-191 select:invalid{color:rgba(71,71,71,0.5);}.fusion-form-191 option{color:#474747;}.fusion-form-191 input.fusion-form-upload-field::placeholder{color:#474747;}.fusion-form-191 .fusion-select-wrapper .select-arrow path{stroke:#474747 !important;}.fusion-form-191 label, .fusion-form-191 .label{color:#97a097;}.fusion-form-191.fusion-form-form-wrapper .fusion-form-field .fusion-form-image-select label{border-top-width:2px;border-bottom-width:2px;border-right-width:2px;border-left-width:2px;border-radius:4px;}.fusion-form-191 .fusion-select-wrapper .select-arrow{right:calc( 1em + 2px) !important;}.fusion-form-191 .fusion-form-field .fusion-form-input-with-icon > i{left:calc( 1em + 2px) !important;}.fusion-form-191 .fusion-form-field:not( .fusion-form-upload-field ) .fusion-form-input-with-icon > i{top:calc( 50% + (2px - 2px ) \/ 2 ) !important;}<\/style><div class=\"fusion-form fusion-form-builder fusion-form-form-wrapper fusion-form-191\" data-form-id=\"191\" data-config=\"{&quot;form_id&quot;:&quot;191&quot;,&quot;form_post_id&quot;:&quot;191&quot;,&quot;post_id&quot;:185,&quot;form_type&quot;:&quot;email&quot;,&quot;confirmation_type&quot;:&quot;redirect&quot;,&quot;redirect_url&quot;:&quot;https:\\\/\\\/agentur-frotscher.de\\\/danke&quot;,&quot;field_labels&quot;:{&quot;Name&quot;:&quot;&quot;,&quot;Unternehmen&quot;:&quot;&quot;,&quot;E-Mail&quot;:&quot;&quot;,&quot;Telefon&quot;:&quot;&quot;,&quot;Nachricht&quot;:&quot;&quot;,&quot;Datenschutz&quot;:&quot;&quot;},&quot;field_logics&quot;:{&quot;Name&quot;:&quot;&quot;,&quot;Unternehmen&quot;:&quot;&quot;,&quot;E-Mail&quot;:&quot;&quot;,&quot;Telefon&quot;:&quot;&quot;,&quot;Nachricht&quot;:&quot;&quot;,&quot;Datenschutz&quot;:&quot;&quot;}}\"><form action=\"https:\/\/agentur-frotscher.de\/en\/kontakt\/\" method=\"post\" class=\"fusion-form fusion-form-191\"><div class=\"fusion-fullwidth fullwidth-box fusion-builder-row-2-1 fusion-flex-container nonhundred-percent-fullwidth non-hundred-percent-height-scrolling\" style=\"background-color: rgba(255,255,255,0);background-position: center center;background-repeat: no-repeat;border-width: 0px 0px 0px 0px;border-color:#e2e2e2;border-style:solid;\" ><div class=\"fusion-builder-row fusion-row fusion-flex-align-items-flex-start\" style=\"width:103% !important;max-width:103% !important;margin-left: calc(-3% \/ 2 );margin-right: calc(-3% \/ 2 );\"><div class=\"fusion-layout-column fusion_builder_column fusion-builder-column-2 fusion_builder_column_1_1 1_1 fusion-flex-column\"><div class=\"fusion-column-wrapper fusion-flex-justify-content-flex-start fusion-content-layout-column\" style=\"background-position:left top;background-repeat:no-repeat;-webkit-background-size:cover;-moz-background-size:cover;-o-background-size:cover;background-size:cover;padding: 0px 0px 0px 0px;\"><div class=\"fusion-form-field fusion-form-text-field fusion-form-label-above\" data-form-id=\"191\"><input type=\"text\" name=\"Name\" id=\"Name\" value=\"\"  class=\"fusion-form-input\" required=\"true\" aria-required=\"true\" placeholder=\"Name*\" data-holds-private-data=\"false\" minlength=\"0\"\/><\/div><div class=\"fusion-form-field fusion-form-text-field fusion-form-label-above\" data-form-id=\"191\"><input type=\"text\" name=\"Unternehmen\" id=\"Unternehmen\" value=\"\"  class=\"fusion-form-input\" placeholder=\"Unternehmen\" data-holds-private-data=\"false\" minlength=\"0\"\/><\/div><div class=\"fusion-form-field fusion-form-email-field fusion-form-label-above\" data-form-id=\"191\"><input type=\"email\" name=\"E-Mail\" id=\"E-Mail\" value=\"\"  class=\"fusion-form-input\" required=\"true\" aria-required=\"true\" placeholder=\"E-Mailadresse*\" data-holds-private-data=\"false\"\/><\/div><div class=\"fusion-form-field fusion-form-number-field fusion-form-label-above\" data-form-id=\"191\"><input type=\"number\" name=\"Telefon\" id=\"Telefon\" value=\"\"  class=\"fusion-form-input\" placeholder=\"Telefonnummer\" data-holds-private-data=\"false\"\/><\/div><div class=\"fusion-form-field fusion-form-textarea-field fusion-form-label-above\" data-form-id=\"191\"><textarea cols=\"40\" rows=\"6\" tabindex=\"\" id=\"Nachricht\" name=\"Nachricht\" class=\"fusion-form-input\" required=\"true\" aria-required=\"true\" placeholder=\"Nachricht*\" data-holds-private-data=\"false\"><\/textarea><\/div><div class=\"fusion-form-field fusion-form-checkbox-field fusion-form-label-above\" data-form-id=\"191\"><fieldset><div class=\"fusion-form-checkbox option-inline\"><input tabindex=\"\" id=\"checkbox-datenschutz-1-0\" type=\"checkbox\" value=\"Ich bin damit einverstanden, dass die Agentur Frotscher meine Kontaktdaten und meine E-Mail-Adresse nutzt, um mit mir anl\u00e4sslich meiner Kontaktaufnahme in Verbindung zu treten. Die Verarbeitung und Speicherung der Daten erfolgt gem\u00e4\u00df der aktuellen datenschutzrechtlichen Bestimmungen entsprechend der Datenschutzerkl\u00e4rung. Meine Einwilligung kann ich jederzeit mittels einer E-Mail an info@agentur-frotscher.de widerrufen.*\" name=\"Datenschutz[]\" class=\"fusion-form-input\" required=\"true\" aria-required=\"true\" data-holds-private-data=\"false\"\/><label for=\"checkbox-datenschutz-1-0\">Ich bin damit einverstanden, dass die Agentur Frotscher meine Kontaktdaten und meine E-Mail-Adresse nutzt, um mit mir anl\u00e4sslich meiner Kontaktaufnahme in Verbindung zu treten. Die Verarbeitung und Speicherung der Daten erfolgt gem\u00e4\u00df der aktuellen datenschutzrechtlichen Bestimmungen entsprechend der Datenschutzerkl\u00e4rung. Meine Einwilligung kann ich jederzeit mittels einer E-Mail an info@agentur-frotscher.de widerrufen.*<\/label><\/div><\/fieldset><\/div><div class=\"fusion-form-field fusion-form-submit-field fusion-form-label-above\" data-form-id=\"191\"><input type=\"hidden\" value=\"info@agentur-frotscher.de\" name=\"fusion_form_email\" \/><input type=\"hidden\" value=\"Agentur Frotscher\" name=\"fusion_form_email_from\" \/><input type=\"hidden\" value=\"wordpress@agentur-frotscher.de\" name=\"fusion_form_email_from_id\" \/><input type=\"hidden\" value=\"Kontakt \u00fcber Website\" name=\"fusion_form_email_subject\" \/><input type=\"hidden\" value=\"0\" name=\"fusion_form_email_subject_encode\" \/><div ><style type=\"text\/css\">.fusion-button.button-1 {border-radius:50px;}<\/style><button type=\"submit\" class=\"fusion-button button-flat button-large button-default button-1 fusion-button-default-span  form-form-submit button-default\" data-form-number=\"191\" style=\"margin-top:60px;\" tabindex=\"\"><span class=\"fusion-button-text\">Submit<\/span><\/button><\/div><\/div><\/div><style type=\"text\/css\">.fusion-body .fusion-builder-column-2{width:100% !important;margin-top : 0px;margin-bottom : 0px;}.fusion-builder-column-2 > .fusion-column-wrapper {padding-top : 0px !important;padding-right : 0px !important;margin-right : 1.455%;padding-bottom : 0px !important;padding-left : 0px !important;margin-left : 1.455%;}@media only screen and (max-width:1024px) {.fusion-body .fusion-builder-column-2{width:100% !important;order : 0;}.fusion-builder-column-2 > .fusion-column-wrapper {margin-right : 1.455%;margin-left : 1.455%;}}@media only screen and (max-width:640px) {.fusion-body .fusion-builder-column-2{width:100% !important;order : 0;}.fusion-builder-column-2 > .fusion-column-wrapper {margin-right : 1.455%;margin-left : 1.455%;}}<\/style><\/div><\/div><style type=\"text\/css\">.fusion-body .fusion-flex-container.fusion-builder-row-2-1{ padding-top : 0px;margin-top : 0px;padding-right : 0px;padding-bottom : 0px;margin-bottom : 0px;padding-left : 0px;}<\/style><\/div><input type=\"hidden\" name=\"fusion_privacy_store_ip_ua\" value=\"false\"><input type=\"hidden\" name=\"fusion_privacy_expiration_interval\" value=\"48\"><input type=\"hidden\" name=\"privacy_expiration_action\" value=\"ignore\"><\/form><\/div><\/div><style type=\"text\/css\">.fusion-body .fusion-builder-column-1{width:66.666666666667% !important;margin-top : 0px;margin-bottom : 20px;}.fusion-builder-column-1 > .fusion-column-wrapper {padding-top : 0px !important;padding-right : 0px !important;margin-right : 2.88%;padding-bottom : 0px !important;padding-left : 0px !important;margin-left : 2.88%;}@media only screen and (max-width:1024px) {.fusion-body .fusion-builder-column-1{width:66.666666666667% !important;order : 0;}.fusion-builder-column-1 > .fusion-column-wrapper {margin-right : 2.88%;margin-left : 2.88%;}}@media only screen and (max-width:640px) {.fusion-body .fusion-builder-column-1{width:100% !important;order : 0;}.fusion-builder-column-1 > .fusion-column-wrapper {margin-right : 1.92%;margin-left : 1.92%;}}<\/style><\/div><\/div><style type=\"text\/css\">.fusion-body .fusion-flex-container.fusion-builder-row-2{ padding-top : 0px;margin-top : 100px;padding-right : 0px;padding-bottom : 0px;margin-bottom : 0px;padding-left : 0px;}@media only screen and (max-width:640px) {.fusion-body .fusion-flex-container.fusion-builder-row-2{ margin-top : 40px;}}<\/style><\/div><div class=\"fusion-fullwidth fullwidth-box fusion-builder-row-3 fusion-flex-container nonhundred-percent-fullwidth non-hundred-percent-height-scrolling\" style=\"background-color: rgba(255,255,255,0);background-position: center center;background-repeat: no-repeat;border-width: 0px 0px 0px 0px;border-color:#e2e2e2;border-style:solid;\" ><div class=\"fusion-builder-row fusion-row fusion-flex-align-items-flex-start\" style=\"max-width:1788.8px;margin-left: calc(-4% \/ 2 );margin-right: calc(-4% \/ 2 );\"><div class=\"fusion-layout-column fusion_builder_column fusion-builder-column-3 fusion_builder_column_1_1 1_1 fusion-flex-column\"><div class=\"fusion-column-wrapper fusion-flex-justify-content-flex-start fusion-content-layout-column\" style=\"background-position:left top;background-repeat:no-repeat;-webkit-background-size:cover;-moz-background-size:cover;-o-background-size:cover;background-size:cover;padding: 0px 0px 0px 0px;\"><div style=\"text-align:right;\"><span class=\" fusion-imageframe imageframe-none imageframe-1 hover-type-none fusion-no-small-visibility\" style=\"max-width:2000px;margin-right:-300px;\"><img data-recalc-dims=\"1\" decoding=\"async\" width=\"1024\" height=\"655\" title=\"Bildmaterial 2@2x\" src=\"https:\/\/i0.wp.com\/agentur-frotscher.de\/wp-content\/uploads\/2020\/10\/Bildmaterial-2%402x.png?resize=1024%2C655&#038;ssl=1\" class=\"img-responsive wp-image-66\" srcset=\"https:\/\/i0.wp.com\/agentur-frotscher.de\/wp-content\/uploads\/2020\/10\/Bildmaterial-2%402x.png?resize=200%2C128&amp;ssl=1 200w, https:\/\/i0.wp.com\/agentur-frotscher.de\/wp-content\/uploads\/2020\/10\/Bildmaterial-2%402x.png?resize=300%2C192&amp;ssl=1 300w, https:\/\/i0.wp.com\/agentur-frotscher.de\/wp-content\/uploads\/2020\/10\/Bildmaterial-2%402x.png?resize=400%2C256&amp;ssl=1 400w, https:\/\/i0.wp.com\/agentur-frotscher.de\/wp-content\/uploads\/2020\/10\/Bildmaterial-2%402x.png?resize=460%2C295&amp;ssl=1 460w, https:\/\/i0.wp.com\/agentur-frotscher.de\/wp-content\/uploads\/2020\/10\/Bildmaterial-2%402x.png?resize=600%2C384&amp;ssl=1 600w, https:\/\/i0.wp.com\/agentur-frotscher.de\/wp-content\/uploads\/2020\/10\/Bildmaterial-2%402x.png?resize=768%2C491&amp;ssl=1 768w, https:\/\/i0.wp.com\/agentur-frotscher.de\/wp-content\/uploads\/2020\/10\/Bildmaterial-2%402x.png?resize=800%2C512&amp;ssl=1 800w, https:\/\/i0.wp.com\/agentur-frotscher.de\/wp-content\/uploads\/2020\/10\/Bildmaterial-2%402x.png?resize=1024%2C655&amp;ssl=1 1024w, https:\/\/i0.wp.com\/agentur-frotscher.de\/wp-content\/uploads\/2020\/10\/Bildmaterial-2%402x.png?resize=1200%2C768&amp;ssl=1 1200w, https:\/\/i0.wp.com\/agentur-frotscher.de\/wp-content\/uploads\/2020\/10\/Bildmaterial-2%402x.png?resize=1536%2C982&amp;ssl=1 1536w\" sizes=\"(max-width: 640px) 100vw, 1024px\" \/><\/span><\/div><\/div><style type=\"text\/css\">.fusion-body .fusion-builder-column-3{width:100% !important;margin-top : 0px;margin-bottom : 20px;}.fusion-builder-column-3 > .fusion-column-wrapper {padding-top : 0px !important;padding-right : 0px !important;margin-right : 1.92%;padding-bottom : 0px !important;padding-left : 0px !important;margin-left : 1.92%;}@media only screen and (max-width:1024px) {.fusion-body .fusion-builder-column-3{width:100% !important;order : 0;}.fusion-builder-column-3 > .fusion-column-wrapper {margin-right : 1.92%;margin-left : 1.92%;}}@media only screen and (max-width:640px) {.fusion-body .fusion-builder-column-3{width:100% !important;order : 0;}.fusion-builder-column-3 > .fusion-column-wrapper {margin-right : 1.92%;margin-left : 1.92%;}}<\/style><\/div><\/div><style type=\"text\/css\">.fusion-body .fusion-flex-container.fusion-builder-row-3{ padding-top : 0px;margin-top : -50px;padding-right : 0px;padding-bottom : 0px;margin-bottom : -400px;padding-left : -600px;}<\/style><\/div><div class=\"fusion-fullwidth fullwidth-box fusion-builder-row-4 fusion-flex-container fusion-parallax-none nonhundred-percent-fullwidth non-hundred-percent-height-scrolling\" style=\"background-color: rgba(255,255,255,0);background-image: url(&quot;https:\/\/agentur-frotscher.de\/wp-content\/uploads\/2020\/10\/Agnetur_Frotscher_by_TomislavVukosav-13.png&quot;);background-position: center center;background-repeat: no-repeat;border-width: 0px 0px 0px 0px;border-color:#e2e2e2;border-style:solid;-webkit-background-size:cover;-moz-background-size:cover;-o-background-size:cover;background-size:cover;\" ><div class=\"fusion-builder-row fusion-row fusion-flex-align-items-flex-start\" style=\"max-width:1788.8px;margin-left: calc(-4% \/ 2 );margin-right: calc(-4% \/ 2 );\"><div class=\"fusion-layout-column fusion_builder_column fusion-builder-column-4 fusion_builder_column_1_1 1_1 fusion-flex-column fusion-flex-align-self-center\"><div class=\"fusion-column-wrapper fusion-flex-justify-content-center fusion-content-layout-column\" style=\"background-position:left top;background-repeat:no-repeat;-webkit-background-size:cover;-moz-background-size:cover;-o-background-size:cover;background-size:cover;padding: 200px 0px 200px 0px;\"><div style=\"text-align:center;\"><span class=\" fusion-imageframe imageframe-none imageframe-2 hover-type-none\" style=\"margin-bottom:40px;\"><img data-recalc-dims=\"1\" decoding=\"async\" width=\"80\" height=\"133\" title=\"telefon\" src=\"https:\/\/i0.wp.com\/agentur-frotscher.de\/wp-content\/uploads\/2020\/10\/telefon.png?resize=80%2C133&#038;ssl=1\" class=\"img-responsive wp-image-196\"\/><\/span><\/div><div class=\"fusion-text fusion-text-2\" style=\"color:#00825f;\"><p style=\"text-align: center;\"><strong>Sie k\u00f6nnen uns auch jederzeit telefonisch erreichen<\/strong><br \/>\n<strong>unter 07031\/4286177<\/strong><\/p>\n<\/div><\/div><style type=\"text\/css\">.fusion-body .fusion-builder-column-4{width:100% !important;margin-top : 0px;margin-bottom : 20px;}.fusion-builder-column-4 > .fusion-column-wrapper {padding-top : 200px !important;padding-right : 0px !important;margin-right : 1.92%;padding-bottom : 200px !important;padding-left : 0px !important;margin-left : 1.92%;}@media only screen and (max-width:1024px) {.fusion-body .fusion-builder-column-4{width:100% !important;order : 0;}.fusion-builder-column-4 > .fusion-column-wrapper {margin-right : 1.92%;margin-left : 1.92%;}}@media only screen and (max-width:640px) {.fusion-body .fusion-builder-column-4{width:100% !important;order : 0;margin-top : 0px;margin-bottom : 0px;}.fusion-builder-column-4 > .fusion-column-wrapper {padding-top : 25px !important;margin-right : 1.92%;padding-bottom : 21px !important;margin-left : 1.92%;}}<\/style><style type=\"text\/css\">.fusion-builder-column-4{filter: brightness(100%);transition: filter 0.3s ease;}.fusion-builder-column-4:hover{filter: brightness(30%);}<\/style><\/div><\/div><style type=\"text\/css\">.fusion-body .fusion-flex-container.fusion-builder-row-4{ padding-top : 0px;margin-top : 100px;padding-right : 0px;padding-bottom : 0px;margin-bottom : 100px;padding-left : 0px;}@media only screen and (max-width:640px) {.fusion-body .fusion-flex-container.fusion-builder-row-4{ margin-top : 450px;margin-bottom : 0px;}}<\/style><\/div><\/p>\n","protected":false},"excerpt":{"rendered":"","protected":false},"author":188823853,"featured_media":0,"parent":0,"menu_order":0,"comment_status":"closed","ping_status":"closed","template":"","meta":{"footnotes":""},"class_list":["post-185","page","type-page","status-publish","hentry"],"jetpack_likes_enabled":false,"jetpack_sharing_enabled":false,"jetpack_shortlink":"https:\/\/wp.me\/Pc92WK-2Z","_links":{"self":[{"href":"https:\/\/agentur-frotscher.de\/en\/wp-json\/wp\/v2\/pages\/185","targetHints":{"allow":["GET"]}}],"collection":[{"href":"https:\/\/agentur-frotscher.de\/en\/wp-json\/wp\/v2\/pages"}],"about":[{"href":"https:\/\/agentur-frotscher.de\/en\/wp-json\/wp\/v2\/types\/page"}],"author":[{"embeddable":true,"href":"https:\/\/agentur-frotscher.de\/en\/wp-json\/wp\/v2\/users\/188823853"}],"replies":[{"embeddable":true,"href":"https:\/\/agentur-frotscher.de\/en\/wp-json\/wp\/v2\/comments?post=185"}],"version-history":[{"count":11,"href":"https:\/\/agentur-frotscher.de\/en\/wp-json\/wp\/v2\/pages\/185\/revisions"}],"predecessor-version":[{"id":343,"href":"https:\/\/agentur-frotscher.de\/en\/wp-json\/wp\/v2\/pages\/185\/revisions\/343"}],"wp:attachment":[{"href":"https:\/\/agentur-frotscher.de\/en\/wp-json\/wp\/v2\/media?parent=185"}],"curies":[{"name":"wp","href":"https:\/\/api.w.org\/{rel}","templated":true}]}}